{"id":43,"date":"2020-07-08T18:53:48","date_gmt":"2020-07-08T16:53:48","guid":{"rendered":"https:\/\/radlager-freiburg.org\/?page_id=43"},"modified":"2026-04-08T12:18:25","modified_gmt":"2026-04-08T10:18:25","slug":"das-radlager-braucht-hilfe","status":"publish","type":"page","link":"https:\/\/radlager-freiburg.org\/","title":{"rendered":""},"content":{"rendered":"\n<p>Hey, sch\u00f6n, dass du auf unserer Website vorbei schaust \ud83d\ude42<\/p>\n\n\n\n<p>Wir sind Radlager, ein selbstverwalteter Wagenplatz, der seit Dezember 2021 in Freiburg St. Georgen zu Wagen ist. Zur Zeit leben hier ein Dutzend Menschen, 6 H\u00fchner und eine Menge verschiedener V\u00f6gel, Eichh\u00f6rnchen, Igel und diverse Insekten. Wir haben einen gro\u00dfen Gemeinschaftsraum, eine Werkstatt, eine Bar und gemeinsam viele Ressourcen und Wissen. Das Alles teilen wir auch gerne auf Anfrage und nach Kapazit\u00e4t. Wenn du uns besuchen magst, melde dich gerne per <a href=\"https:\/\/radlager-freiburg.org\/?page_id=40\" data-type=\"link\" data-id=\"https:\/\/radlager-freiburg.org\/?page_id=40\">Mail<\/a> bei uns, oder komme zu einer unserer offenen <a href=\"https:\/\/radlager-freiburg.org\/?page_id=562\" data-type=\"link\" data-id=\"https:\/\/radlager-freiburg.org\/?page_id=562\">Veranstaltungen<\/a>.<\/p>\n\n\n\n<p>Wir organisieren unser Leben in Selbstverwaltung. Dabei haben wir regelm\u00e4\u00dfige Treffen, in denen wir soziale, organisatorische und politische Themen besprechen und gemeinsam Entscheidungen Treffen. Die Miete, Essensgeld und Anschaffungen teilen wir unter uns solidarisch auf und auch beim Einkauf und vielen weiteren Aufgaben m\u00fcssen Alle ran.<\/p>\n\n\n\n<p>Auch bringen wir uns aktiv ins Quartiersleben ein, da unser Platz einen Begegnungsort bildet, bei welchen innerhalb unserer kultureller Veranstaltungen verschiedene Menschen zusammen kommen. Zudem kann bei unseren Veranstaltungen unsere Form des alternativen Zusammenwohnens kennnen gelernt werden.<\/p>\n\n\n\n<figure class=\"wp-block-image size-large\"><img loading=\"lazy\" decoding=\"async\" width=\"1024\" height=\"683\" src=\"https:\/\/radlager-freiburg.org\/wp-content\/uploads\/2026\/04\/P1000309-1024x683.jpg\" alt=\"\" class=\"wp-image-738\" srcset=\"https:\/\/radlager-freiburg.org\/wp-content\/uploads\/2026\/04\/P1000309-1024x683.jpg 1024w, https:\/\/radlager-freiburg.org\/wp-content\/uploads\/2026\/04\/P1000309-300x200.jpg 300w, https:\/\/radlager-freiburg.org\/wp-content\/uploads\/2026\/04\/P1000309-768x512.jpg 768w, https:\/\/radlager-freiburg.org\/wp-content\/uploads\/2026\/04\/P1000309-1536x1024.jpg 1536w, https:\/\/radlager-freiburg.org\/wp-content\/uploads\/2026\/04\/P1000309-2048x1365.jpg 2048w\" sizes=\"auto, (max-width: 1024px) 100vw, 1024px\" \/><\/figure>\n","protected":false},"excerpt":{"rendered":"<p>Hey, sch\u00f6n, dass du auf unserer Website vorbei schaust \ud83d\ude42 Wir sind Radlager, ein selbstverwalteter Wagenplatz, der seit Dezember 2021 in Freiburg St. Georgen zu Wagen ist. Zur Zeit leben hier ein Dutzend Menschen, 6 H\u00fchner und eine Menge verschiedener &hellip; <a href=\"https:\/\/radlager-freiburg.org\/\">Continue reading <span class=\"meta-nav\">&rarr;<\/span><\/a><\/p>\n","protected":false},"author":1,"featured_media":0,"parent":0,"menu_order":0,"comment_status":"closed","ping_status":"closed","template":"","meta":{"footnotes":""},"class_list":["post-43","page","type-page","status-publish","hentry"],"_links":{"self":[{"href":"https:\/\/radlager-freiburg.org\/index.php?rest_route=\/wp\/v2\/pages\/43","targetHints":{"allow":["GET"]}}],"collection":[{"href":"https:\/\/radlager-freiburg.org\/index.php?rest_route=\/wp\/v2\/pages"}],"about":[{"href":"https:\/\/radlager-freiburg.org\/index.php?rest_route=\/wp\/v2\/types\/page"}],"author":[{"embeddable":true,"href":"https:\/\/radlager-freiburg.org\/index.php?rest_route=\/wp\/v2\/users\/1"}],"replies":[{"embeddable":true,"href":"https:\/\/radlager-freiburg.org\/index.php?rest_route=%2Fwp%2Fv2%2Fcomments&post=43"}],"version-history":[{"count":61,"href":"https:\/\/radlager-freiburg.org\/index.php?rest_route=\/wp\/v2\/pages\/43\/revisions"}],"predecessor-version":[{"id":740,"href":"https:\/\/radlager-freiburg.org\/index.php?rest_route=\/wp\/v2\/pages\/43\/revisions\/740"}],"wp:attachment":[{"href":"https:\/\/radlager-freiburg.org\/index.php?rest_route=%2Fwp%2Fv2%2Fmedia&parent=43"}],"curies":[{"name":"wp","href":"https:\/\/api.w.org\/{rel}","templated":true}]}}