{"id":761,"date":"2026-04-16T09:51:46","date_gmt":"2026-04-16T07:51:46","guid":{"rendered":"https:\/\/radlager-freiburg.org\/?page_id=761"},"modified":"2026-04-16T17:24:25","modified_gmt":"2026-04-16T15:24:25","slug":"offener-brief","status":"publish","type":"page","link":"https:\/\/radlager-freiburg.org\/?page_id=761","title":{"rendered":"Offener Brief"},"content":{"rendered":"\n<p><br><strong>Zukunft lebendiger Sportpark S\u00fcd<\/strong><br><em><strong>Offener Brief der ans\u00e4ssigen Vereine<\/strong><\/em><\/p>\n\n\n\n<p>Sehr geehrte Damen und Herren,<\/p>\n\n\n\n<p>ein Sportpark S\u00fcd mit Zukunft braucht Kultur und Orte der Begegnung.<br>Wir als unterzeichnende Vereine sprechen uns daf\u00fcr aus, dies im Planungsprozess zu ber\u00fccksichtigen. Wir fordern die zuk\u00fcnftige Oberb\u00fcrgermeister:in dazu auf, die gewachsenen und verankerten Strukturen im Sportpark zu ber\u00fccksichtigen und gemeinsam ein Zeichen f\u00fcr Miteinander und eine lebendige Zivilgesellschaft zu setzen.<br>Dazu laden wir die OB-Kandidierenden ein, sich mit den aktiven Vereinen auf dem Gel\u00e4nde auszutauschen und die Zukunft des Sportpark S\u00fcd zu diskutieren.<\/p>\n\n\n\n<p>Das Areal des Sportpark S\u00fcd zwischen Haslach, Sankt Georgen und Vauban ist derzeit Gegenstand st\u00e4dteplanerischer Umgestaltung. Die Nutzung soll neu gedacht und nach aktuellem Planungsstand ausschlie\u00dflich im Zeichen des Sports stehen. Doch wer einen Sportpark plant, der Freizeit und niedrigschwellige Angebote f\u00fcr Bewegung und Vereinsleben stadtnah zusammenf\u00fchren will, kann die Notwendigkeit zusammenf\u00fchrender kultureller Aspekte nicht au\u00dfen vor lassen. Um den Sportpark S\u00fcd langfristig zivilgesellschaftlich zu verankern braucht es ein verbindendes Element f\u00fcr die bislang zw\u00f6lf Vereine, die als Akteur:innen im Sportpark beteiligt sind.&nbsp;Und was w\u00fcrde sich da eher anbieten, als kulturelle Angebote, die Nutzer:innen des Sportparks aus allen umliegenden Quartieren zusammenbringen, den Austausch f\u00f6rdern und Begegnungsorte schaffen.<\/p>\n\n\n\n<p>Kultur und gegenseitiges Vertrauen in den umliegenden Quartieren kann ebenso wenig wie ein intaktes Vereinsleben zentral geplant oder vorgegeben werden, viel eher entsteht es aus gemeinsamen Erfahrungen und Begegnungen. Diese gelebte Kultur und Gemeinsamkeit existiert im Sportpark bereits. Die ans\u00e4ssigen Vereine sind im regen Austausch, planen und arbeiten gemeinsam. Dieses gewachsene Netzwerk geh\u00f6rt es zu erhalten, zu nutzen und zu f\u00f6rdern.<\/p>\n\n\n\n<p><strong>Die unterzeichnenden Vereine sprechen sich daf\u00fcr aus:&nbsp;<\/strong><\/p>\n\n\n\n<ul class=\"wp-block-list\">\n<li><em>Alle ans\u00e4ssigen Vereine in die Planung des Sportpark S\u00fcd einzubeziehen<\/em><\/li>\n\n\n\n<li><em>Die ans\u00e4ssigen Vereine zu f\u00f6rdern und in ihrem Bestand zu erhalten<\/em><\/li>\n\n\n\n<li><em>Die Chance nicht zu verpassen, den Sportpark als Scharnier zwischen den umliegenden Stadtteilen kulturell zu bespielen und aufzuwerten<\/em><\/li>\n\n\n\n<li><em>Aktive nachbarschaftliche Begegnungsfl\u00e4chen zu schaffen<\/em><\/li>\n<\/ul>\n\n\n\n<p>Herzlich laden wir Sie zu einem Pressetermin durch das Areal des Sportpark S\u00fcd ein um unsere Punkte und Anliegen zu erl\u00e4utern.<\/p>\n\n\n\n<p>Mit freundlichen Gr\u00fc\u00dfen<\/p>\n\n\n\n<p>     <br><\/p>\n\n\n\n<p><br> <br>Unterzeichner*innen:<\/p>\n\n\n\n<ul class=\"wp-block-list\">\n<li>B\u00fcrgerverein Freiburg-Sankt Georgen e.V.<\/li>\n\n\n\n<li>Clara Freund, Quartiersarbeit Sankt Georgen<\/li>\n\n\n\n<li>FC Freiburg-St. Georgen 1921 e.V.<\/li>\n\n\n\n<li>Handwerks- und Kulturhof Basler Landstra\u00dfe 15 e.V.<\/li>\n\n\n\n<li>JuKS St.Georgen<\/li>\n\n\n\n<li>Polizei-Sportverein Freiburg e. V.<\/li>\n\n\n\n<li>Radlager e.V.&nbsp;<\/li>\n\n\n\n<li>Reitclub Sankt Georgen e.V.<\/li>\n\n\n\n<li>Stadtteilb\u00fcro Haslach, Nachbarschaftswerk e.V.<\/li>\n\n\n\n<li>Turnverein Freiburg St. Georgen von 1897 e.V.<\/li>\n\n\n\n<li>Vinzenz Glaser, MdB, Die Linke<\/li>\n<\/ul>\n","protected":false},"excerpt":{"rendered":"<p>Zukunft lebendiger Sportpark S\u00fcdOffener Brief der ans\u00e4ssigen Vereine Sehr geehrte Damen und Herren, ein Sportpark S\u00fcd mit Zukunft braucht Kultur und Orte der Begegnung.Wir als unterzeichnende Vereine sprechen uns daf\u00fcr aus, dies im Planungsprozess zu ber\u00fccksichtigen. Wir fordern die zuk\u00fcnftige &hellip; <a href=\"https:\/\/radlager-freiburg.org\/?page_id=761\">Continue reading <span class=\"meta-nav\">&rarr;<\/span><\/a><\/p>\n","protected":false},"author":1,"featured_media":0,"parent":0,"menu_order":0,"comment_status":"closed","ping_status":"closed","template":"","meta":{"footnotes":""},"class_list":["post-761","page","type-page","status-publish","hentry"],"_links":{"self":[{"href":"https:\/\/radlager-freiburg.org\/index.php?rest_route=\/wp\/v2\/pages\/761","targetHints":{"allow":["GET"]}}],"collection":[{"href":"https:\/\/radlager-freiburg.org\/index.php?rest_route=\/wp\/v2\/pages"}],"about":[{"href":"https:\/\/radlager-freiburg.org\/index.php?rest_route=\/wp\/v2\/types\/page"}],"author":[{"embeddable":true,"href":"https:\/\/radlager-freiburg.org\/index.php?rest_route=\/wp\/v2\/users\/1"}],"replies":[{"embeddable":true,"href":"https:\/\/radlager-freiburg.org\/index.php?rest_route=%2Fwp%2Fv2%2Fcomments&post=761"}],"version-history":[{"count":7,"href":"https:\/\/radlager-freiburg.org\/index.php?rest_route=\/wp\/v2\/pages\/761\/revisions"}],"predecessor-version":[{"id":772,"href":"https:\/\/radlager-freiburg.org\/index.php?rest_route=\/wp\/v2\/pages\/761\/revisions\/772"}],"wp:attachment":[{"href":"https:\/\/radlager-freiburg.org\/index.php?rest_route=%2Fwp%2Fv2%2Fmedia&parent=761"}],"curies":[{"name":"wp","href":"https:\/\/api.w.org\/{rel}","templated":true}]}}